{"id":770,"date":"2018-09-18T09:01:53","date_gmt":"2018-09-18T09:01:53","guid":{"rendered":"http:\/\/architekt-panas.pl\/?page_id=770"},"modified":"2021-03-23T10:03:56","modified_gmt":"2021-03-23T09:03:56","slug":"home","status":"publish","type":"page","link":"http:\/\/architekt-panas.pl\/","title":{"rendered":"Home"},"content":{"rendered":"\t\t<div data-elementor-type=\"wp-post\" data-elementor-id=\"770\" class=\"elementor elementor-770\" data-elementor-settings=\"[]\">\n\t\t\t\t\t\t\t<div class=\"elementor-section-wrap\">\n\t\t\t\t\t\t\t<section class=\"elementor-section elementor-top-section elementor-element elementor-element-216e7e5 elementor-section-height-full elementor-section-boxed elementor-section-height-default elementor-section-items-middle\" data-id=\"216e7e5\" data-element_type=\"section\" data-settings=\"{&quot;background_background&quot;:&quot;slideshow&quot;,&quot;background_slideshow_gallery&quot;:[{&quot;id&quot;:777,&quot;url&quot;:&quot;http:\\\/\\\/architekt-panas.pl\\\/wp-content\\\/uploads\\\/2021\\\/03\\\/1998-Christianso.jpg&quot;},{&quot;id&quot;:778,&quot;url&quot;:&quot;http:\\\/\\\/architekt-panas.pl\\\/wp-content\\\/uploads\\\/2021\\\/03\\\/1998-Nexo.jpg&quot;},{&quot;id&quot;:779,&quot;url&quot;:&quot;http:\\\/\\\/architekt-panas.pl\\\/wp-content\\\/uploads\\\/2021\\\/03\\\/1998-Wladyslawowo.jpg&quot;},{&quot;id&quot;:780,&quot;url&quot;:&quot;http:\\\/\\\/architekt-panas.pl\\\/wp-content\\\/uploads\\\/2021\\\/03\\\/2000-Amorgos.jpg&quot;}],&quot;background_slideshow_slide_transition&quot;:&quot;slide_right&quot;,&quot;background_slideshow_ken_burns&quot;:&quot;yes&quot;,&quot;background_slideshow_loop&quot;:&quot;yes&quot;,&quot;background_slideshow_slide_duration&quot;:5000,&quot;background_slideshow_transition_duration&quot;:500,&quot;background_slideshow_ken_burns_zoom_direction&quot;:&quot;in&quot;}\">\n\t\t\t\t\t\t\t<div class=\"elementor-background-overlay\"><\/div>\n\t\t\t\t\t\t\t<div class=\"elementor-container elementor-column-gap-no\">\n\t\t\t\t\t<div class=\"elementor-column elementor-col-100 elementor-top-column elementor-element elementor-element-31f65784\" data-id=\"31f65784\" data-element_type=\"column\">\n\t\t\t<div class=\"elementor-widget-wrap\">\n\t\t\t\t\t\t\t\t\t<\/div>\n\t\t<\/div>\n\t\t\t\t\t\t\t<\/div>\n\t\t<\/section>\n\t\t\t\t<section class=\"elementor-section elementor-top-section elementor-element elementor-element-8dd8ae9 elementor-section-boxed elementor-section-height-default elementor-section-height-default\" data-id=\"8dd8ae9\" data-element_type=\"section\" data-settings=\"{&quot;background_background&quot;:&quot;classic&quot;}\">\n\t\t\t\t\t\t<div class=\"elementor-container elementor-column-gap-no\">\n\t\t\t\t\t<div class=\"elementor-column elementor-col-100 elementor-top-column elementor-element elementor-element-3dfc275d\" data-id=\"3dfc275d\" data-element_type=\"column\">\n\t\t\t<div class=\"elementor-widget-wrap elementor-element-populated\">\n\t\t\t\t\t\t\t\t<section class=\"elementor-section elementor-inner-section elementor-element elementor-element-2d5e939a elementor-section-content-bottom elementor-section-boxed elementor-section-height-default elementor-section-height-default\" data-id=\"2d5e939a\" data-element_type=\"section\">\n\t\t\t\t\t\t<div class=\"elementor-container elementor-column-gap-no\">\n\t\t\t\t\t<div class=\"elementor-column elementor-col-66 elementor-inner-column elementor-element elementor-element-26272b4c\" data-id=\"26272b4c\" data-element_type=\"column\">\n\t\t\t<div class=\"elementor-widget-wrap elementor-element-populated\">\n\t\t\t\t\t\t\t\t<div class=\"elementor-element elementor-element-fc75c64 elementor-widget elementor-widget-heading\" data-id=\"fc75c64\" data-element_type=\"widget\" data-widget_type=\"heading.default\">\n\t\t\t\t<div class=\"elementor-widget-container\">\n\t\t\t<h6 class=\"elementor-heading-title elementor-size-default\">Czym si\u0119 zajmuj\u0119?<\/h6>\t\t<\/div>\n\t\t\t\t<\/div>\n\t\t\t\t\t<\/div>\n\t\t<\/div>\n\t\t\t\t<div class=\"elementor-column elementor-col-33 elementor-inner-column elementor-element elementor-element-7406a64c\" data-id=\"7406a64c\" data-element_type=\"column\">\n\t\t\t<div class=\"elementor-widget-wrap\">\n\t\t\t\t\t\t\t\t\t<\/div>\n\t\t<\/div>\n\t\t\t\t\t\t\t<\/div>\n\t\t<\/section>\n\t\t\t\t<section class=\"elementor-section elementor-inner-section elementor-element elementor-element-7c26b7e4 elementor-section-boxed elementor-section-height-default elementor-section-height-default\" data-id=\"7c26b7e4\" data-element_type=\"section\">\n\t\t\t\t\t\t<div class=\"elementor-container elementor-column-gap-no\">\n\t\t\t\t\t<div class=\"elementor-column elementor-col-33 elementor-inner-column elementor-element elementor-element-3a636047\" data-id=\"3a636047\" data-element_type=\"column\">\n\t\t\t<div class=\"elementor-widget-wrap elementor-element-populated\">\n\t\t\t\t\t\t\t\t<div class=\"elementor-element elementor-element-9f333dd elementor-view-default elementor-widget elementor-widget-icon\" data-id=\"9f333dd\" data-element_type=\"widget\" data-widget_type=\"icon.default\">\n\t\t\t\t<div class=\"elementor-widget-container\">\n\t\t\t\t\t<div class=\"elementor-icon-wrapper\">\n\t\t\t<a class=\"elementor-icon elementor-animation-grow\" href=\"http:\/\/architekt-panas.pl\/?page_id=774\">\n\t\t\t<svg xmlns=\"http:\/\/www.w3.org\/2000\/svg\" xmlns:xlink=\"http:\/\/www.w3.org\/1999\/xlink\" id=\"Warstwa_1\" x=\"0px\" y=\"0px\" viewBox=\"0 0 95.1 122.6\" style=\"enable-background:new 0 0 95.1 122.6;\" xml:space=\"preserve\">\n<g>\n\t<g>\n\t\t<path d=\"M13.1,55.1c1.1-2.6,1.5-4.4,2.6-5.6c11.3-13.5,22.7-27,34-40.4c0.5-0.6,1.3-0.9,1.7-1.2c13.2,11.5,26.1,22.7,39,34    c-0.3,0.6-0.6,1.2-0.9,1.8c-1.4-0.5-3.2-0.6-4.2-1.5C75,33.9,64.9,25.5,54.9,17c-1.9-1.6-3.3-3.3-5.6-0.4    c-8.8,10.8-17.7,21.5-26.6,32.3c-0.2,0.2-0.1,0.6-0.2,1.3c1,0.2,2.1,0.7,3.2,0.7c17.9,1,35.8,2,53.7,3.1c1.5,0.1,2.9,1.5,4.3,2.3    c-1.5,0.8-3.1,2.4-4.6,2.3c-10.3-0.7-20.5-1.9-30.8-2.6c-9.5-0.6-18.9-0.6-28.4-0.9C18,55.1,16.1,55.1,13.1,55.1z\"><\/path>\n\t\t<path d=\"M9.5,116.4c17.3-0.2,33.8-0.6,50.4-0.7c5.8,0,11.6,0.5,17.3,1.1c3.9,0.4,5.5-0.7,5.7-5.1c0.4-12.5,1.4-24.9,2.2-37.3    c0.2-2.4,0.9-4.7,2.3-6.9c2.5,17.9-0.9,35.7-1.1,53.9c-6.8-0.9-13.1-2-19.5-2.5c-19.1-1.4-38.2-2-57.1,2.4c-4.5,1-6-0.6-5.2-4.8    c2-10.1,4-20.2,6.2-30.2c1-4.5,2.2-9,4.3-13.4c2.3,7.6-0.7,14.7-1.9,21.9C11.8,102.3,10.6,109.8,9.5,116.4z\"><\/path>\n\t\t<path d=\"M78.8,27.8c-0.2-1.7-0.5-3.3-0.5-5c0-3.6,0.4-7.3,0-10.8c-0.2-1.3-2.4-2.2-3.7-3.4c-0.8,1.3-2,2.5-2.3,3.9    c-0.5,2.4-0.5,4.9-1.4,7.4c-3.6-3.8-4-8.5-2.4-12.3c2-4.5,7.1-1.9,10.8-2.1c0.6,0,1.9,3.2,2,5c0.2,4.7,0,9.4-0.1,14.2    c0,1-0.6,2-1,3C79.8,27.8,79.3,27.8,78.8,27.8z\"><\/path>\n\t<\/g>\n<\/g>\n<\/svg>\t\t\t<\/a>\n\t\t<\/div>\n\t\t\t\t<\/div>\n\t\t\t\t<\/div>\n\t\t\t\t<div class=\"elementor-element elementor-element-58be2e6e elementor-widget elementor-widget-heading\" data-id=\"58be2e6e\" data-element_type=\"widget\" data-widget_type=\"heading.default\">\n\t\t\t\t<div class=\"elementor-widget-container\">\n\t\t\t<h4 class=\"elementor-heading-title elementor-size-default\"><a href=\"http:\/\/architekt-panas.pl\/?page_id=774\">Architektura<\/a><\/h4>\t\t<\/div>\n\t\t\t\t<\/div>\n\t\t\t\t\t<\/div>\n\t\t<\/div>\n\t\t\t\t<div class=\"elementor-column elementor-col-33 elementor-inner-column elementor-element elementor-element-11aa861a\" data-id=\"11aa861a\" data-element_type=\"column\">\n\t\t\t<div class=\"elementor-widget-wrap elementor-element-populated\">\n\t\t\t\t\t\t\t\t<div class=\"elementor-element elementor-element-8328773 elementor-view-default elementor-widget elementor-widget-icon\" data-id=\"8328773\" data-element_type=\"widget\" data-widget_type=\"icon.default\">\n\t\t\t\t<div class=\"elementor-widget-container\">\n\t\t\t\t\t<div class=\"elementor-icon-wrapper\">\n\t\t\t<a class=\"elementor-icon elementor-animation-grow\" href=\"http:\/\/architekt-panas.pl\/?page_id=990\">\n\t\t\t<svg xmlns=\"http:\/\/www.w3.org\/2000\/svg\" xmlns:xlink=\"http:\/\/www.w3.org\/1999\/xlink\" id=\"Warstwa_1\" x=\"0px\" y=\"0px\" viewBox=\"0 0 95.1 122.6\" style=\"enable-background:new 0 0 95.1 122.6;\" xml:space=\"preserve\">\n<g>\n\t<g>\n\t\t<path d=\"M78.6,10.9c-1.4,6.9-4.6,14.3-9.7,20.6c-3.4,4.2-7,8.4-11.1,12.1C51,49.8,47.9,58.2,44,66.1c-0.8,1.7-1.2,3.6-2.2,5.1    c-0.7,1-2,1.5-3.1,2.3c-0.2-1.2-0.5-2.5-0.5-3.7c0-0.8,0.7-1.5,1.1-2.3c7.5-14.8,13.1-30.3,18.5-45.9c1.7-4.9,4.9-9.3,7.8-13.7    c1.1-1.7,3.2-3,5.1-3.8C75.3,2.2,78.8,4.9,78.6,10.9z M56.4,39.2C66,34,76.1,15,73.2,7.1C62.1,15,60.4,27.1,56.4,39.2z\"><\/path>\n\t\t<path d=\"M18.1,117.5c3.3-7.3-0.5-13.4-2.6-19.9c-1.3-4,0.6-7.5,3.6-10c4.4-3.6,9.2-6.8,14-10c0.9-0.6,2.6-0.1,3.8-0.1    c-1,3.4-2.1,6.1-2.5,8.8c-1.4,10.8-8,19.6-11.9,29.3c-0.4,1-1.9,1.6-3,2.4C19.1,117.9,18.6,117.7,18.1,117.5z M23.4,104    c3.7-6,6.2-12.1,6.5-19.3C17.8,89.6,17.2,100.1,23.4,104z\"><\/path>\n\t<\/g>\n<\/g>\n<\/svg>\t\t\t<\/a>\n\t\t<\/div>\n\t\t\t\t<\/div>\n\t\t\t\t<\/div>\n\t\t\t\t<div class=\"elementor-element elementor-element-5e22c08d elementor-widget elementor-widget-heading\" data-id=\"5e22c08d\" data-element_type=\"widget\" data-widget_type=\"heading.default\">\n\t\t\t\t<div class=\"elementor-widget-container\">\n\t\t\t<h4 class=\"elementor-heading-title elementor-size-default\"><a href=\"http:\/\/architekt-panas.pl\/?page_id=990\">Grafika<\/a><\/h4>\t\t<\/div>\n\t\t\t\t<\/div>\n\t\t\t\t\t<\/div>\n\t\t<\/div>\n\t\t\t\t<div class=\"elementor-column elementor-col-33 elementor-inner-column elementor-element elementor-element-5836a90d\" data-id=\"5836a90d\" data-element_type=\"column\">\n\t\t\t<div class=\"elementor-widget-wrap elementor-element-populated\">\n\t\t\t\t\t\t\t\t<div class=\"elementor-element elementor-element-6bee816 elementor-view-default elementor-widget elementor-widget-icon\" data-id=\"6bee816\" data-element_type=\"widget\" data-widget_type=\"icon.default\">\n\t\t\t\t<div class=\"elementor-widget-container\">\n\t\t\t\t\t<div class=\"elementor-icon-wrapper\">\n\t\t\t<a class=\"elementor-icon elementor-animation-grow\" href=\"http:\/\/architekt-panas.pl\/?page_id=1014\">\n\t\t\t<svg xmlns=\"http:\/\/www.w3.org\/2000\/svg\" xmlns:xlink=\"http:\/\/www.w3.org\/1999\/xlink\" id=\"Warstwa_1\" x=\"0px\" y=\"0px\" viewBox=\"0 0 95.1 122.6\" style=\"enable-background:new 0 0 95.1 122.6;\" xml:space=\"preserve\">\n<g>\n\t<g>\n\t\t<path d=\"M22.8,72c4.2,0.5,7.3,0.9,11.1,1.4c-1.2,2-2.2,3.1-2.3,4.3c-0.1,1.2,0.7,2.4,1.1,3.6c0.9-0.5,2.1-0.8,2.8-1.6    c9.6-11.1,19.1-22.2,28.6-33.3c4.9-5.7,9.8-11.3,14.7-16.9c0.8-0.9,1.5-2,2.5-2.5c0.9-0.4,2.1-0.1,3.1-0.2c-0.3,0.9-0.3,2-0.9,2.6    c-4.8,5.1-10.2,9.8-14.5,15.2C59.2,57,49.7,69.7,40.3,82.4c-1.3,1.8-2,4.5-2,6.7c0,1.2,2.1,2.5,3.8,4.4c-0.2,0.3-0.5,1.8-1.5,2.3    c-11.1,6.1-22.3,12-33.6,17.8c-0.8,0.4-2,0.1-4,0.1c1.4-4.7,2.7-9,4.1-13.3c3.5-10.5,7-20.9,10.6-31.3c0.4-1.2,2-2,2.9-3.1    c11.7-12.8,23.4-25.6,35.1-38.4c0.3-0.3,0.7-0.6,0.9-1c3.4-7.2,10.1-10.1,16.9-12.9c6.7-2.7,12.4-1.3,17,4.3    c2.8,3.4,3.2,14.7-0.1,19.9c-0.8-4.2-1.6-7.4-1.9-10.6c-0.7-7.3-5.6-10.9-12.7-9.8c-6.3,1-10.8,4-14.8,8.9    c-11.7,14.2-23.8,28-35.7,42C24.8,69.2,24.3,70,22.8,72z M35.8,94.7c-0.4-2.5-0.5-4.4-1.1-6.2c-0.4-1-1.5-2.4-2.4-2.5    c-3.7-0.4-4.4-2.9-4.9-5.9C27.3,79,26,77.4,25,77.3c-1.9-0.2-5.1-0.3-5.7,0.8c-2.1,3.5-3.3,7.5-5,11.9c6.6,0.6,11.4,2.5,13.2,9.1    C30.5,97.4,33.1,96.1,35.8,94.7z\"><\/path>\n\t\t<path d=\"M44.7,90.3c-0.3-1.4-1.2-3.1-0.7-4.1c1.3-2.5,3-4.8,4.8-6.9C58.8,68.1,69,57,79.1,45.7c1.6-1.8,2.6-4.1,4.2-5.7    c0.8-0.8,2.5-0.6,3.8-0.8c-0.2,1.2-0.1,2.7-0.8,3.5C73.4,58,60.5,73.2,47.5,88.5c-0.6,0.7-0.8,1.6-1.2,2.4    C45.8,90.7,45.2,90.5,44.7,90.3z\"><\/path>\n\t\t<path d=\"M36.5,68.7C38,63,67.3,29.5,71.2,29.5c-3.9,5-7.2,9.5-10.8,13.9C56.6,48,53,52.9,48.6,56.8C44.6,60.3,43.1,66.7,36.5,68.7    z\"><\/path>\n\t<\/g>\n<\/g>\n<\/svg>\t\t\t<\/a>\n\t\t<\/div>\n\t\t\t\t<\/div>\n\t\t\t\t<\/div>\n\t\t\t\t<div class=\"elementor-element elementor-element-46b30f93 elementor-widget elementor-widget-heading\" data-id=\"46b30f93\" data-element_type=\"widget\" data-widget_type=\"heading.default\">\n\t\t\t\t<div class=\"elementor-widget-container\">\n\t\t\t<h4 class=\"elementor-heading-title elementor-size-default\"><a href=\"http:\/\/architekt-panas.pl\/?page_id=1014\">Rysunki<\/a><\/h4>\t\t<\/div>\n\t\t\t\t<\/div>\n\t\t\t\t\t<\/div>\n\t\t<\/div>\n\t\t\t\t\t\t\t<\/div>\n\t\t<\/section>\n\t\t\t\t<section class=\"elementor-section elementor-inner-section elementor-element elementor-element-92e8a16 elementor-section-boxed elementor-section-height-default elementor-section-height-default\" data-id=\"92e8a16\" data-element_type=\"section\">\n\t\t\t\t\t\t<div class=\"elementor-container elementor-column-gap-no\">\n\t\t\t\t\t<div class=\"elementor-column elementor-col-33 elementor-inner-column elementor-element elementor-element-5b72959\" data-id=\"5b72959\" data-element_type=\"column\">\n\t\t\t<div class=\"elementor-widget-wrap elementor-element-populated\">\n\t\t\t\t\t\t\t\t<div class=\"elementor-element elementor-element-bbcb4b5 elementor-view-default elementor-widget elementor-widget-icon\" data-id=\"bbcb4b5\" data-element_type=\"widget\" data-widget_type=\"icon.default\">\n\t\t\t\t<div class=\"elementor-widget-container\">\n\t\t\t\t\t<div class=\"elementor-icon-wrapper\">\n\t\t\t<a class=\"elementor-icon elementor-animation-grow\" href=\"http:\/\/architekt-panas.pl\/?page_id=1111\">\n\t\t\t<svg xmlns=\"http:\/\/www.w3.org\/2000\/svg\" xmlns:xlink=\"http:\/\/www.w3.org\/1999\/xlink\" id=\"Warstwa_1\" x=\"0px\" y=\"0px\" viewBox=\"0 0 95.1 122.6\" style=\"enable-background:new 0 0 95.1 122.6;\" xml:space=\"preserve\">\n<g>\n\t<g>\n\t\t<path d=\"M65.9,68.1c1.4,0.8,3.1,1.9,4.8,2.9c-1.7,1.8-3.2,3.7-5.1,5.2c-2.4,1.9-5.1,3.4-7.6,5c1.5,2.2,2.4,3.5,3.3,4.9    c-1.6,0.8-3.2,1.7-4.9,2.2c-7,2-12.3,6.9-15.6,12.6c-2.5,4.1-1.7,10.1-2.6,15.2c-0.4,2-1.3,3.8-2,5.8c-0.8-0.2-1.7-0.4-2.5-0.6    c0.7-5.6,1.5-11.3,2.2-16.9c0.8-6.5,2.6-13.1,2.4-19.6c-0.6-19.3,0.5-38.3,5.5-56.9c2.4-9.2,8.3-16.4,17.1-19.9    c4.4-1.8,10-1.3,15-0.7c3.6,0.5,3.9,7.3,0.7,10.5c7.8,3.4,9.8,7.5,6.2,15.7C77.3,45.1,71.5,56.5,65.9,68.1z M43.1,90.2    c10-1.2,8.9-13.2,15.1-15c0.8-3.9,0.5-7.2,2-9.1c8.9-11.1,13.5-24.3,18.7-37.1c1.8-4.4,0.2-6.2-4.7-6c-6.7,0.2-11.4,3.4-14.3,9.6    C53.7,46,48.1,59.6,45.3,74.2C44.3,79.4,43.8,84.7,43.1,90.2z M41.7,67.2C46.8,54.6,51.9,41.7,57.3,29c1.1-2.5,2.8-6,5-6.6    c4.6-1.4,6.6-5.1,9.5-8c0.8-0.8,1.2-2,1.7-3c-1.2-0.5-2.4-1.3-3.7-1.4c-1.4-0.1-2.9,0.1-4.2,0.6C55,14.1,49.2,22,46.7,32.5    c-2.2,9.4-3.7,18.9-5.2,28.5C41.1,63.2,41.7,65.5,41.7,67.2z\"><\/path>\n\t<\/g>\n<\/g>\n<\/svg>\t\t\t<\/a>\n\t\t<\/div>\n\t\t\t\t<\/div>\n\t\t\t\t<\/div>\n\t\t\t\t<div class=\"elementor-element elementor-element-38adf1e elementor-widget elementor-widget-heading\" data-id=\"38adf1e\" data-element_type=\"widget\" data-widget_type=\"heading.default\">\n\t\t\t\t<div class=\"elementor-widget-container\">\n\t\t\t<h4 class=\"elementor-heading-title elementor-size-default\"><a href=\"http:\/\/architekt-panas.pl\/?page_id=1111\">Pisanki<\/a><\/h4>\t\t<\/div>\n\t\t\t\t<\/div>\n\t\t\t\t\t<\/div>\n\t\t<\/div>\n\t\t\t\t<div class=\"elementor-column elementor-col-33 elementor-inner-column elementor-element elementor-element-bc09f1b\" data-id=\"bc09f1b\" data-element_type=\"column\">\n\t\t\t<div class=\"elementor-widget-wrap elementor-element-populated\">\n\t\t\t\t\t\t\t\t<div class=\"elementor-element elementor-element-457e94e elementor-view-default elementor-widget elementor-widget-icon\" data-id=\"457e94e\" data-element_type=\"widget\" data-widget_type=\"icon.default\">\n\t\t\t\t<div class=\"elementor-widget-container\">\n\t\t\t\t\t<div class=\"elementor-icon-wrapper\">\n\t\t\t<a class=\"elementor-icon elementor-animation-grow\" href=\"http:\/\/architekt-panas.pl\/?page_id=1083\">\n\t\t\t<svg xmlns=\"http:\/\/www.w3.org\/2000\/svg\" xmlns:xlink=\"http:\/\/www.w3.org\/1999\/xlink\" id=\"Warstwa_1\" x=\"0px\" y=\"0px\" viewBox=\"0 0 95.1 122.6\" style=\"enable-background:new 0 0 95.1 122.6;\" xml:space=\"preserve\">\n<g>\n\t<g>\n\t\t<path d=\"M45.5,51.6c-6.1,1.2-9.6-1.1-11.9-5.7c-3.2-6.3-5.8-12.8-4.4-20.1c0.8-4.1,6.7-7.6,12.4-7.6c9.9,0,19.7,0,29.6,0.2    c3.1,0.1,6.3,0.9,9.3,1.9c3.5,1.1,5.5,4,5.8,7.5c0.3,5.1,0.4,10.4,0.1,15.5c-0.3,4.8-2.6,6.5-7.5,6.6c-3.7,0-7.3,0-11,0    c-3.7,0-4.9,1.8-3.8,5.3c0.5,1.6,1.2,3.1,1.7,4.7c1,2.7,2,5.5,3.1,8.2c0.4,1,1.2,1.9,2.5,3.2c-0.2-8.5,5.9-5.3,9.5-5.6    c1.3-0.1,2.9,2.5,4.3,3.8c-0.2,0.3-0.5,0.5-0.7,0.8c0.3,0.2,0.5,0.4,0.8,0.4c7.7,0.9,8.2,1.4,7.6,9c-0.6,8.3-1.3,16.6-2.1,24.9    c-0.6,6.6-2.2,8-8.6,7.4c-5.5-0.5-11-1.5-16.6-2.1c-0.9-0.1-2,0.3-2.9,0.8c-12.2,7.5-24.4,1.3-32.5-6.5c-0.6-0.6-0.2-2.1-0.3-3.2    c1,0.1,2.1-0.2,2.9,0.3c3.5,2.1,6.7,4.8,10.4,6.4c3.3,1.4,7.1,1.5,10.7,2.1c0.1-0.5,0.2-1,0.3-1.5c-0.9-0.3-1.8-0.4-2.7-0.8    c-2.7-1.2-5.7-2-8.1-3.7c-3.5-2.4-5.9-6-10.2-8.1c-7.5-3.7-6.4-11.3-0.6-18.1c4.2-5,10.3-5.5,16.2-6c18.1-1.3,27.3,13.1,21.2,30.5    c-0.4,1.1-0.9,2.2-1.5,3.8c5.2,0.6,9.9,1.4,14.7,1.7c1,0.1,3.1-1.4,3.1-2.3c0.8-9.8,1.4-19.6,2.1-30.6c-2.9,1.1-5,1.9-7.5,2.8    c-1.4-3-4.5-2.5-8.1-2.1C67,76,65,74.1,64.5,68.1c-0.2-2.4-1.1-3.6-3.6-3.7c-2.4-0.1-4.9-0.2-7.3-0.6c-6-0.8-10.9,0.8-14.7,5.8    c-3.3,4.2-7.7,5.9-13.3,5.1c-4.6-0.7-9.3-0.3-14-0.6C8.9,74,8,75.4,8,77.7c0,8.7,0,17.3,0.3,26c0,0.8,2.1,2.1,3.2,2.1    c4.6-0.2,9.2-0.9,13.9-1c0.9,0,1.8,1.4,2.6,2.2c-1,0.6-2,1.7-3.1,1.9c-4.4,0.7-8.9,1-13.3,1.9c-4.4,0.9-7.6-0.7-7.8-5.2    C3.6,95.2,3.6,85.1,3.8,74.9c0.1-4.1,4-5.6,8.4-5.2c6.4,0.5,13.2,1.2,19.2-0.4c4.1-1.1,7.4-5.9,10.6-9.5    C43.5,58,44,55.2,45.5,51.6z M62.8,93.2c0-7.6-6.5-13.2-15.4-13.3c-4.7,0-8,3.7-8.1,9.1c-0.1,7.7,6.9,15.7,13.7,15.6    C58.7,104.6,62.8,99.7,62.8,93.2z M58.3,39.3c0-0.1,0-0.2,0-0.3c4.1,0,8.2,0.2,12.3-0.1c1.6-0.1,4.3-1.4,4.4-2.4    c0.2-2.8,0.9-6.8-3.2-7.4c-7.7-1.2-15.6-2.7-23.3-2.6c-8.3,0.1-8.4,1.2-6.8,9.3c0.6,3.2,1.9,3.9,4.8,3.6    C50.3,39,54.3,39.3,58.3,39.3z M59.9,60.1c-0.2-2-0.3-3-0.5-4c-1.6-6.9,0.8-10.4,7.9-10.9c3.6-0.3,7.3-0.1,10.9,0.1    c2.6,0.1,4.1-0.5,3.9-3.4c-0.2-4.2,0.1-8.5-0.3-12.7c-0.2-1.7-1.6-3.3-2.4-4.9c-0.4,4.9,0.3,9.2,0.7,13.5c0.4,4.3-2.3,6-5.9,6.5    c-2.1,0.3-4.2-0.2-6.3-0.3c-9.6,0-19.1,0-28.7,0c-0.1,0.4-0.2,0.9-0.3,1.3c1.4,0.6,2.7,1.5,4.1,1.7c8.9,1,9.4,1.7,6.4,10.1    c-0.1,0.2,0.1,0.5,0.3,1.2C52.7,58.9,55.9,59.4,59.9,60.1z M35.3,91.7c1.4-4.3,2.8-8.5,4.2-12.6C33.2,81.4,31.2,86.7,35.3,91.7z     M67.1,93.4c0.3-8.5-1.7-12.4-7.1-13.7C62.3,84.3,64.8,89,67.1,93.4z M36.3,38.9c0-4.6,0-9.3,0-14C32.5,27.6,32.5,31,36.3,38.9z\"><\/path>\n\t<\/g>\n<\/g>\n<\/svg>\t\t\t<\/a>\n\t\t<\/div>\n\t\t\t\t<\/div>\n\t\t\t\t<\/div>\n\t\t\t\t<div class=\"elementor-element elementor-element-6094f1c elementor-widget elementor-widget-heading\" data-id=\"6094f1c\" data-element_type=\"widget\" data-widget_type=\"heading.default\">\n\t\t\t\t<div class=\"elementor-widget-container\">\n\t\t\t<h4 class=\"elementor-heading-title elementor-size-default\"><a href=\"http:\/\/architekt-panas.pl\/?page_id=1083\">Zdj\u0119cia<\/a><\/h4>\t\t<\/div>\n\t\t\t\t<\/div>\n\t\t\t\t\t<\/div>\n\t\t<\/div>\n\t\t\t\t<div class=\"elementor-column elementor-col-33 elementor-inner-column elementor-element elementor-element-1fc4ef8\" data-id=\"1fc4ef8\" data-element_type=\"column\">\n\t\t\t<div class=\"elementor-widget-wrap elementor-element-populated\">\n\t\t\t\t\t\t\t\t<div class=\"elementor-element elementor-element-f26b1b3 elementor-view-default elementor-widget elementor-widget-icon\" data-id=\"f26b1b3\" data-element_type=\"widget\" data-widget_type=\"icon.default\">\n\t\t\t\t<div class=\"elementor-widget-container\">\n\t\t\t\t\t<div class=\"elementor-icon-wrapper\">\n\t\t\t<a class=\"elementor-icon elementor-animation-grow\" href=\"http:\/\/architekt-panas.pl\/?page_id=1053\">\n\t\t\t<svg xmlns=\"http:\/\/www.w3.org\/2000\/svg\" xmlns:xlink=\"http:\/\/www.w3.org\/1999\/xlink\" id=\"Warstwa_1\" x=\"0px\" y=\"0px\" viewBox=\"0 0 95.1 122.6\" style=\"enable-background:new 0 0 95.1 122.6;\" xml:space=\"preserve\">\n<g>\n\t<g>\n\t\t<path d=\"M43.5,80.1C29.7,72.4,27.8,66.9,34,53.9C26.7,48.3,19.3,42.7,12.1,37c-0.6-0.5-1-2.3-0.7-2.6c0.7-0.7,2.2-1.3,2.9-1    c3.7,1.7,7.6,3.2,10.6,5.8c4.3,3.7,7.9,8.2,12.2,12.7c1.4-0.2,3.8-0.4,6.3-0.7c-5.1,6.7-12.5,12.5-2.8,20.3    c5.2,4.2,10.5,2.9,15.2-2.7c3.2-3.8,2.8-8.2,0.4-11.7c-2.2-3.2-5.9-5.3-9.6-8.5c2.9,0.1,5.5-0.3,7.8,0.5c2.5,0.8,3.5-0.2,5.1-1.7    c5.3-4.7,10.8-9.2,16.3-13.6c1.3-1.1,3.2-1.4,4.9-2.1c0.3,0.4,0.6,0.8,0.9,1.2c-3.3,3.4-6.4,6.9-9.8,10c-3.5,3.2-7.5,5.9-10.9,8.5    c1.2,4.9,2.4,9.7,3.9,15.3c8.9-0.7,19.4-3.8,29.3,4.1c-5.5,0-10.1,0.1-14.6,0c-3.6-0.1-7.3-0.5-10.8-1.1c-4.7-0.8-8,0.3-9.1,6.4    c2.7,2.2,5.8,5,9.2,7.2c6.6,4.1,13,8.2,15.6,16.2c-3.3,0.5-22.7-14.7-27.9-21.7c-0.3,0-0.6-0.1-0.8,0c-7.3,0.8-10.1,4.9-9.9,12.2    c0.1,3.5-1.5,7.1-2.7,10.5c-0.4,1.2-2,2.1-3,3.1c-0.7-1.4-2.3-2.9-2.1-4.1c1.2-5.5,2.9-10.9,4.4-16.3C42.5,82,43.1,81.1,43.5,80.1    z\"><\/path>\n\t\t<path d=\"M49.7,34.3c-0.6,4.4-1,7.4-1.6,10.3c-0.2,0.8-1.4,1.8-2.2,1.9c-0.6,0.1-2-1-2.1-1.7c-0.9-8.2-1.7-16.4-2.4-24.6    c-0.1-0.7,1.3-2.2,1.9-2.2c1,0.1,2.5,1,2.8,1.9C47.6,25.1,48.8,30.3,49.7,34.3z\"><\/path>\n\t\t<path d=\"M15,68.4c-3.5,0-7,0.1-10.5-0.1c-0.9,0-2.6-0.9-2.6-1.5c0-1.1,0.7-2.3,1.4-3.3c0.3-0.4,1-0.9,1.5-0.8    c6.9,0.3,13.8,0.6,20.6,1.3c0.9,0.1,1.7,1.9,2.5,2.9c-1.1,0.5-2.2,1.3-3.3,1.4C21.4,68.5,18.2,68.4,15,68.4z\"><\/path>\n\t\t<path d=\"M32.4,77.8c-0.9,7.9-10.8,14.4-15.2,15.5c-0.5,0.1-1.3-0.3-1.7-0.7c-0.2-0.2-0.1-1.2,0.3-1.5c4.6-4.4,9.2-8.8,13.9-13.1    C30.1,77.6,31.3,77.9,32.4,77.8z\"><\/path>\n\t<\/g>\n<\/g>\n<\/svg>\t\t\t<\/a>\n\t\t<\/div>\n\t\t\t\t<\/div>\n\t\t\t\t<\/div>\n\t\t\t\t<div class=\"elementor-element elementor-element-7661b61 elementor-widget elementor-widget-heading\" data-id=\"7661b61\" data-element_type=\"widget\" data-widget_type=\"heading.default\">\n\t\t\t\t<div class=\"elementor-widget-container\">\n\t\t\t<h4 class=\"elementor-heading-title elementor-size-default\"><a href=\"http:\/\/architekt-panas.pl\/?page_id=1053\">Hobby<\/a><\/h4>\t\t<\/div>\n\t\t\t\t<\/div>\n\t\t\t\t\t<\/div>\n\t\t<\/div>\n\t\t\t\t\t\t\t<\/div>\n\t\t<\/section>\n\t\t\t\t\t<\/div>\n\t\t<\/div>\n\t\t\t\t\t\t\t<\/div>\n\t\t<\/section>\n\t\t\t\t\t\t<\/div>\n\t\t\t\t\t<\/div>\n\t\t","protected":false},"excerpt":{"rendered":"<p>Czym si\u0119 zajmuj\u0119? Architektura Grafika Rysunki Pisanki Zdj\u0119cia Hobby<\/p>\n","protected":false},"author":1,"featured_media":0,"parent":0,"menu_order":0,"comment_status":"closed","ping_status":"closed","template":"","meta":[],"_links":{"self":[{"href":"http:\/\/architekt-panas.pl\/index.php?rest_route=\/wp\/v2\/pages\/770"}],"collection":[{"href":"http:\/\/architekt-panas.pl\/index.php?rest_route=\/wp\/v2\/pages"}],"about":[{"href":"http:\/\/architekt-panas.pl\/index.php?rest_route=\/wp\/v2\/types\/page"}],"author":[{"embeddable":true,"href":"http:\/\/architekt-panas.pl\/index.php?rest_route=\/wp\/v2\/users\/1"}],"replies":[{"embeddable":true,"href":"http:\/\/architekt-panas.pl\/index.php?rest_route=%2Fwp%2Fv2%2Fcomments&post=770"}],"version-history":[{"count":30,"href":"http:\/\/architekt-panas.pl\/index.php?rest_route=\/wp\/v2\/pages\/770\/revisions"}],"predecessor-version":[{"id":1201,"href":"http:\/\/architekt-panas.pl\/index.php?rest_route=\/wp\/v2\/pages\/770\/revisions\/1201"}],"wp:attachment":[{"href":"http:\/\/architekt-panas.pl\/index.php?rest_route=%2Fwp%2Fv2%2Fmedia&parent=770"}],"curies":[{"name":"wp","href":"https:\/\/api.w.org\/{rel}","templated":true}]}}